{"id":1601,"date":"2026-02-24T15:03:52","date_gmt":"2026-02-24T14:03:52","guid":{"rendered":"https:\/\/mermaid.unimi.it\/?page_id=1601"},"modified":"2026-03-23T10:36:17","modified_gmt":"2026-03-23T09:36:17","slug":"pubblicazioni","status":"publish","type":"page","link":"https:\/\/mermaid.unimi.it\/it\/pubblicazioni\/","title":{"rendered":"Pubblicazioni"},"content":{"rendered":"\n<p class=\"has-medium-font-size\">Cesena M. [in corso di stampa]. \u201c<em>De tuz arz ert enletr\u00e9\u201d.&nbsp;Il ms. Paris, BnF, fr. 1669 tra romanzo ed enciclopedia<\/em>, in R. Tagliani, M. Milazzo (a cura di),&nbsp;<em>Atti del Convegno \u201cLa filologia romanza tra manoscritti e testi\u201d<\/em>&nbsp;(XIV Convegno triennale Societ\u00e0 Italiana Filologia Romanza), Milano.<\/p>\n\n\n\n<p class=\"has-medium-font-size\">Cesena M. [in corso di stampa].&nbsp;<em>Il ms. Cambridge, University Library, Dd.15.33 tra lingue, culture e didattica<\/em>, in \u00abRevue&nbsp;des&nbsp;langues romanes\u00bb.<\/p>\n\n\n\n<p class=\"has-medium-font-size\">Cesena M., Milazzo M. [in corso di stampa].&nbsp;<em>Tra passato, presente e futuro. Calendari,&nbsp;<\/em>comput&nbsp;<em>e pronostici nei manoscritti didattici romanzi medievali<\/em>, in&nbsp;C. Menichetti, F. Fusaroli, C.&nbsp;Talfani&nbsp;(a cura di),&nbsp;<em>Clusters,&nbsp;r\u00e9seaux&nbsp;et&nbsp;syst\u00e8mes.&nbsp;Quelles&nbsp;possibilit\u00e9s&nbsp;interpr\u00e9tatives&nbsp;pour la&nbsp;tradition&nbsp;manuscrite&nbsp;du&nbsp;Moyen&nbsp;Age&nbsp;roman?<\/em>,&nbsp;\u00c9LiPhi, Strasbourg.&nbsp;<\/p>\n\n\n\n<p class=\"has-medium-font-size\">Gaggero M. [in corso di stampa].\u00a0<em>The French translation of Thomas Aquinas\u2019s<\/em>\u00a0De rationibus fidei\u00a0<em>and the structure of ms.\u00a0Catania, Ventimiliana 27<\/em>, in Atti del convegno internazionale\u00a0<em>Marco Polo, the Outremer and the Western Khanates (Golden Horde \/ Chagatai \/ Ilkhanate) Texts, Contexts, History and Culture (13th-14th c.)<\/em>, a cura di Chiara Concina.<\/p>\n\n\n\n<p class=\"has-medium-font-size\">Gaggero M. [in preparazione].\u00a0<em>Guides to the Holy Land: Geographical and Textual Scales<\/em>, in \u00abInterfaces\u00bb.<\/p>\n\n\n\n<p class=\"has-medium-font-size\">Gaggero M. 2024.&nbsp;<em>Les r\u00e9cits de t\u00e9moins directs: strat\u00e9gies textuelles et formes de la transmission<\/em>, in \u00abCritica del testo\u00bb, XXVII\/3, 307-324.<\/p>\n\n\n\n<p class=\"has-medium-font-size\">Macci\u00f2 A. 2024.&nbsp;<em>Vivat, praecipiat, valeat praeses sacra vulpis! Parodia e nuove simboliche animali nella Regale du Monde<\/em>, in \u00abReinardus\u00bb, 36, 124-166.<\/p>\n\n\n\n<p class=\"has-medium-font-size\">Macci\u00f2 A., M. Milani 2025.&nbsp;<em>Nuovi apporti testimoniali del &#8220;Theodolet&#8221;, con edizione interpretativa del ms. London, British Library, Harley 1008<\/em>, in \u00abCarte Romanze\u00bb 13.2, 7-73 (<a href=\"https:\/\/riviste.unimi.it\/index.php\/carteromanze\/article\/view\/29749\">https:\/\/riviste.unimi.it\/index.php\/carteromanze\/article\/view\/29749<\/a>)<\/p>\n\n\n\n<p class=\"has-medium-font-size\">Milazzo M. [in corso di stampa].&nbsp;<em>Conoscenza e futuro. Una scheda per il ms. Rennes, BM, 593<\/em>,<em>&nbsp;<\/em>in R. Tagliani, M. Milazzo (a cura di),&nbsp;<em>Atti del Convegno \u201cLa filologia romanza tra manoscritti e testi\u201d<\/em>&nbsp;(XIV Convegno triennale Societ\u00e0 Italiana Filologia Romanza), Milano.<\/p>\n\n\n\n<p class=\"has-medium-font-size\">Resconi S. 2025.&nbsp;<em>Repurposing Literary Romance Texts in Medieval Manuscripts. Beyond the Author<\/em>, Abingdon \u2013 New York.<\/p>\n\n\n\n<p class=\"has-medium-font-size\">Sacchi L. 2024.&nbsp;<em>Il volgarizzamento toscano della&nbsp;<\/em>Chartula ad Rainaldum<em>&nbsp;e le miscellanee didattiche<\/em>, in E. Baricci, W. Meliga, L. Sacchi (a c. di),&nbsp;<em>Meminisse iuvabit. Studi in memoria di Federico Emidio Bo<\/em>, Milano, 243-262 (<a href=\"https:\/\/air.unimi.it\/retrieve\/ed477847-559a-4630-8920-c090375cc112\/L%20Sacchi%20Il%20volgarizzamento%20toscano%20della%20Chartula%20ad%20Rainaldum.pdf\">https:\/\/air.unimi.it\/retrieve\/ed477847-559a-4630-8920-c090375cc112\/L%20Sacchi%20Il%20volgarizzamento%20toscano%20della%20Chartula%20ad%20Rainaldum.pdf<\/a>).<\/p>\n\n\n\n<p class=\"has-medium-font-size\">Sacchi L. [in preparazione]. <em>Cartas &#8220;de Bernardo<\/em>&#8220;<em>: estrategia asc\u00e9tica y mundana en las compilaciones miscel\u00e1neas did\u00e1cticas<\/em>, in \u00abMedievalia\u00bb, 2026.<\/p>\n\n\n\n<p class=\"has-medium-font-size\">Sacchi L. [in preparazione]. <em>Forme della devozione nelle miscellanee didattiche romanze: prospezioni dal progetto MERMAID<\/em>, in<em> <\/em>\u00abRivista di Letteratura religiosa italiana\u00bb, 2026.<\/p>\n\n\n\n<p class=\"has-medium-font-size\">Tagliani R. [in corso di stampa].&nbsp;<em>Di alcuni brevi testi didattico-religiosi del Medioevo francese conservati in manoscritti miscellanei<\/em>,&nbsp;in R. Tagliani, M. Milazzo (a cura di),&nbsp;<em>Atti del Convegno \u201cLa filologia romanza tra manoscritti e testi\u201d<\/em>&nbsp;(XIV Convegno triennale Societ\u00e0 Italiana Filologia Romanza), Milano.<\/p>\n\n\n\n<p class=\"has-medium-font-size\">Tagliani R. [in preparazione]. <em>Textos breves did\u00e1cticos-religiosos de la Edad Media francesa, entre&nbsp;<\/em>mise en texte<em>&nbsp;y problemas de tradici\u00f3n<\/em>, in \u00abMedievalia\u00bb, 2026.<\/p>\n\n\n\n<p>[Ultimo aggiornamento: 25\/02\/2026]<\/p>\n","protected":false},"excerpt":{"rendered":"<p>Cesena M. [in corso di stampa]. \u201cDe tuz arz ert enletr\u00e9\u201d.&nbsp;Il ms. Paris, BnF, fr. 1669 tra romanzo ed enciclopedia, in R. Tagliani, M. Milazzo (a cura di),&nbsp;Atti del Convegno \u201cLa filologia romanza tra manoscritti e testi\u201d&nbsp;(XIV Convegno triennale Societ\u00e0 Italiana Filologia Romanza), Milano. Cesena M. [in corso di stampa].&nbsp;Il ms. Cambridge, University Library, Dd.15.33 [&hellip;]<\/p>\n","protected":false},"author":279,"featured_media":0,"parent":0,"menu_order":0,"comment_status":"closed","ping_status":"closed","template":"","meta":{"_acf_changed":false,"footnotes":""},"class_list":["post-1601","page","type-page","status-publish","hentry"],"acf":[],"_links":{"self":[{"href":"https:\/\/mermaid.unimi.it\/it\/wp-json\/wp\/v2\/pages\/1601"}],"collection":[{"href":"https:\/\/mermaid.unimi.it\/it\/wp-json\/wp\/v2\/pages"}],"about":[{"href":"https:\/\/mermaid.unimi.it\/it\/wp-json\/wp\/v2\/types\/page"}],"author":[{"embeddable":true,"href":"https:\/\/mermaid.unimi.it\/it\/wp-json\/wp\/v2\/users\/279"}],"replies":[{"embeddable":true,"href":"https:\/\/mermaid.unimi.it\/it\/wp-json\/wp\/v2\/comments?post=1601"}],"version-history":[{"count":10,"href":"https:\/\/mermaid.unimi.it\/it\/wp-json\/wp\/v2\/pages\/1601\/revisions"}],"predecessor-version":[{"id":1689,"href":"https:\/\/mermaid.unimi.it\/it\/wp-json\/wp\/v2\/pages\/1601\/revisions\/1689"}],"wp:attachment":[{"href":"https:\/\/mermaid.unimi.it\/it\/wp-json\/wp\/v2\/media?parent=1601"}],"curies":[{"name":"wp","href":"https:\/\/api.w.org\/{rel}","templated":true}]}}